{"id":1994,"date":"2025-10-27T16:32:49","date_gmt":"2025-10-27T12:32:49","guid":{"rendered":"https:\/\/mauricea-conciergerie.com\/contact\/"},"modified":"2026-05-06T16:41:09","modified_gmt":"2026-05-06T12:41:09","slug":"contact","status":"publish","type":"page","link":"https:\/\/mauricea-conciergerie.com\/en\/contact\/","title":{"rendered":"Contact"},"content":{"rendered":"\t\t<div data-elementor-type=\"wp-page\" data-elementor-id=\"1994\" class=\"elementor elementor-1994 elementor-44\" data-elementor-post-type=\"page\">\n\t\t\t\t<div class=\"elementor-element elementor-element-3a2042a e-flex e-con-boxed e-con e-parent\" data-id=\"3a2042a\" data-element_type=\"container\" data-e-type=\"container\">\n\t\t\t\t\t<div class=\"e-con-inner\">\n\t\t\t\t<div class=\"elementor-element elementor-element-6b0f965 elementor-widget elementor-widget-image\" data-id=\"6b0f965\" data-element_type=\"widget\" data-e-type=\"widget\" data-widget_type=\"image.default\">\n\t\t\t\t\t\t\t\t\t\t\t\t\t\t\t<img fetchpriority=\"high\" decoding=\"async\" width=\"800\" height=\"300\" src=\"https:\/\/mauricea-conciergerie.com\/wp-content\/uploads\/2025\/10\/Mauricea-Logo-Noir-1024x384.png\" class=\"attachment-large size-large wp-image-377\" alt=\"\" srcset=\"https:\/\/mauricea-conciergerie.com\/wp-content\/uploads\/2025\/10\/Mauricea-Logo-Noir-1024x384.png 1024w, https:\/\/mauricea-conciergerie.com\/wp-content\/uploads\/2025\/10\/Mauricea-Logo-Noir-300x113.png 300w, https:\/\/mauricea-conciergerie.com\/wp-content\/uploads\/2025\/10\/Mauricea-Logo-Noir-768x288.png 768w, https:\/\/mauricea-conciergerie.com\/wp-content\/uploads\/2025\/10\/Mauricea-Logo-Noir-1536x576.png 1536w, https:\/\/mauricea-conciergerie.com\/wp-content\/uploads\/2025\/10\/Mauricea-Logo-Noir-2048x768.png 2048w\" sizes=\"(max-width: 800px) 100vw, 800px\" \/>\t\t\t\t\t\t\t\t\t\t\t\t\t\t\t<\/div>\n\t\t\t\t<div class=\"elementor-element elementor-element-8747dda elementor-widget elementor-widget-heading\" data-id=\"8747dda\" data-element_type=\"widget\" data-e-type=\"widget\" data-widget_type=\"heading.default\">\n\t\t\t\t\t<h1 class=\"elementor-heading-title elementor-size-default\">Are you a property owner and considering offering your accommodation for short-term rental?<\/h1>\t\t\t\t<\/div>\n\t\t\t\t<div class=\"elementor-element elementor-element-1217344 elementor-widget elementor-widget-text-editor\" data-id=\"1217344\" data-element_type=\"widget\" data-e-type=\"widget\" data-widget_type=\"text-editor.default\">\n\t\t\t\t\t\t\t\t\t<p>Contact us for a free, no-obligation estimate. <\/p>\t\t\t\t\t\t\t\t<\/div>\n\t\t\t\t<div class=\"elementor-element elementor-element-848c8da elementor-widget elementor-widget-heading\" data-id=\"848c8da\" data-element_type=\"widget\" data-e-type=\"widget\" data-widget_type=\"heading.default\">\n\t\t\t\t\t<h1 class=\"elementor-heading-title elementor-size-default\">Are you a traveller and would like to book one of our accommodations for your stay in Mauritius?<\/h1>\t\t\t\t<\/div>\n\t\t\t\t<div class=\"elementor-element elementor-element-4286a7f elementor-widget elementor-widget-text-editor\" data-id=\"4286a7f\" data-element_type=\"widget\" data-e-type=\"widget\" data-widget_type=\"text-editor.default\">\n\t\t\t\t\t\t\t\t\t<p>Contact us so that we can assist you with booking your stay.<\/p>\t\t\t\t\t\t\t\t<\/div>\n\t\t<div class=\"elementor-element elementor-element-58ecc001 e-con-full e-flex e-con e-child\" data-id=\"58ecc001\" data-element_type=\"container\" data-e-type=\"container\" data-settings=\"{&quot;background_background&quot;:&quot;classic&quot;}\">\n\t\t<div class=\"elementor-element elementor-element-24afca54 e-con-full e-flex e-con e-child\" data-id=\"24afca54\" data-element_type=\"container\" data-e-type=\"container\">\n\t\t<div class=\"elementor-element elementor-element-4d9f6ca9 e-con-full e-flex e-con e-child\" data-id=\"4d9f6ca9\" data-element_type=\"container\" data-e-type=\"container\">\n\t\t\t\t<div class=\"elementor-element elementor-element-11578fd9 elementor-widget elementor-widget-text-editor\" data-id=\"11578fd9\" data-element_type=\"widget\" data-e-type=\"widget\" data-widget_type=\"text-editor.default\">\n\t\t\t\t\t\t\t\t\t<p>By email: <br>contact@mauricea-conciergerie.com<\/p><p>By phone:<br>+230 5453 8132<\/p>\t\t\t\t\t\t\t\t<\/div>\n\t\t<div class=\"elementor-element elementor-element-28231da e-con-full e-flex e-con e-child\" data-id=\"28231da\" data-element_type=\"container\" data-e-type=\"container\">\n\t\t<div class=\"elementor-element elementor-element-8c5765b e-con-full e-flex e-con e-child\" data-id=\"8c5765b\" data-element_type=\"container\" data-e-type=\"container\">\n\t\t\t\t<div class=\"elementor-element elementor-element-bd7fac5 elementor-widget elementor-widget-button\" data-id=\"bd7fac5\" data-element_type=\"widget\" data-e-type=\"widget\" data-widget_type=\"button.default\">\n\t\t\t\t\t\t\t\t\t\t<a class=\"elementor-button elementor-button-link elementor-size-sm\" href=\"https:\/\/wa.me\/+23054538132\" target=\"_blank\" rel=\"noopener noreferrer nofollow\">\n\t\t\t\t\t\t<span class=\"elementor-button-content-wrapper\">\n\t\t\t\t\t\t<span class=\"elementor-button-icon\">\n\t\t\t\t<svg aria-hidden=\"true\" class=\"e-font-icon-svg e-fab-whatsapp\" viewBox=\"0 0 448 512\" xmlns=\"http:\/\/www.w3.org\/2000\/svg\"><path d=\"M380.9 97.1C339 55.1 283.2 32 223.9 32c-122.4 0-222 99.6-222 222 0 39.1 10.2 77.3 29.6 111L0 480l117.7-30.9c32.4 17.7 68.9 27 106.1 27h.1c122.3 0 224.1-99.6 224.1-222 0-59.3-25.2-115-67.1-157zm-157 341.6c-33.2 0-65.7-8.9-94-25.7l-6.7-4-69.8 18.3L72 359.2l-4.4-7c-18.5-29.4-28.2-63.3-28.2-98.2 0-101.7 82.8-184.5 184.6-184.5 49.3 0 95.6 19.2 130.4 54.1 34.8 34.9 56.2 81.2 56.1 130.5 0 101.8-84.9 184.6-186.6 184.6zm101.2-138.2c-5.5-2.8-32.8-16.2-37.9-18-5.1-1.9-8.8-2.8-12.5 2.8-3.7 5.6-14.3 18-17.6 21.8-3.2 3.7-6.5 4.2-12 1.4-32.6-16.3-54-29.1-75.5-66-5.7-9.8 5.7-9.1 16.3-30.3 1.8-3.7.9-6.9-.5-9.7-1.4-2.8-12.5-30.1-17.1-41.2-4.5-10.8-9.1-9.3-12.5-9.5-3.2-.2-6.9-.2-10.6-.2-3.7 0-9.7 1.4-14.8 6.9-5.1 5.6-19.4 19-19.4 46.3 0 27.3 19.9 53.7 22.6 57.4 2.8 3.7 39.1 59.7 94.8 83.8 35.2 15.2 49 16.5 66.6 13.9 10.7-1.6 32.8-13.4 37.4-26.4 4.6-13 4.6-24.1 3.2-26.4-1.3-2.5-5-3.9-10.5-6.6z\"><\/path><\/svg>\t\t\t<\/span>\n\t\t\t\t\t\t\t\t\t<span class=\"elementor-button-text\">WhatsApp<\/span>\n\t\t\t\t\t<\/span>\n\t\t\t\t\t<\/a>\n\t\t\t\t\t\t\t\t<\/div>\n\t\t\t\t<\/div>\n\t\t\t\t<\/div>\n\t\t\t\t<\/div>\n\t\t\t\t<\/div>\n\t\t<div class=\"elementor-element elementor-element-20a324cf e-con-full e-flex e-con e-child\" data-id=\"20a324cf\" data-element_type=\"container\" data-e-type=\"container\">\n\t\t\t\t<div class=\"elementor-element elementor-element-610657ae elementor-button-align-stretch elementor-widget elementor-widget-form\" data-id=\"610657ae\" data-element_type=\"widget\" data-e-type=\"widget\" data-settings=\"{&quot;step_next_label&quot;:&quot;Next&quot;,&quot;step_previous_label&quot;:&quot;Previous&quot;,&quot;button_width&quot;:&quot;100&quot;,&quot;step_type&quot;:&quot;number_text&quot;,&quot;step_icon_shape&quot;:&quot;circle&quot;}\" data-widget_type=\"form.default\">\n\t\t\t\t\t\t\t<form class=\"elementor-form\" method=\"post\" name=\"New Form\" aria-label=\"New Form\">\n\t\t\t<input type=\"hidden\" name=\"post_id\" value=\"1994\"\/>\n\t\t\t<input type=\"hidden\" name=\"form_id\" value=\"610657ae\"\/>\n\t\t\t<input type=\"hidden\" name=\"referer_title\" value=\"Mauric\u00e9a &#8211; Conciergerie Courte Dur\u00e9e Ile Maurice\" \/>\n\n\t\t\t\n\t\t\t<div class=\"elementor-form-fields-wrapper elementor-labels-\">\n\t\t\t\t\t\t\t\t<div class=\"elementor-field-type-text elementor-field-group elementor-column elementor-field-group-name elementor-col-50\">\n\t\t\t\t\t\t\t\t\t\t\t\t<label for=\"form-field-name\" class=\"elementor-field-label elementor-screen-only\">\n\t\t\t\t\t\t\t\tLast name\t\t\t\t\t\t\t<\/label>\n\t\t\t\t\t\t\t\t\t\t\t\t\t\t<input size=\"1\" type=\"text\" name=\"form_fields[name]\" id=\"form-field-name\" class=\"elementor-field elementor-size-sm  elementor-field-textual\" placeholder=\"Last name\">\n\t\t\t\t\t\t\t\t\t\t\t<\/div>\n\t\t\t\t\t\t\t\t<div class=\"elementor-field-type-email elementor-field-group elementor-column elementor-field-group-email elementor-col-50 elementor-field-required\">\n\t\t\t\t\t\t\t\t\t\t\t\t<label for=\"form-field-email\" class=\"elementor-field-label elementor-screen-only\">\n\t\t\t\t\t\t\t\tEmail\t\t\t\t\t\t\t<\/label>\n\t\t\t\t\t\t\t\t\t\t\t\t\t\t<input size=\"1\" type=\"email\" name=\"form_fields[email]\" id=\"form-field-email\" class=\"elementor-field elementor-size-sm  elementor-field-textual\" placeholder=\"Email\" required=\"required\">\n\t\t\t\t\t\t\t\t\t\t\t<\/div>\n\t\t\t\t\t\t\t\t<div class=\"elementor-field-type-textarea elementor-field-group elementor-column elementor-field-group-message elementor-col-100\">\n\t\t\t\t\t\t\t\t\t\t\t\t<label for=\"form-field-message\" class=\"elementor-field-label elementor-screen-only\">\n\t\t\t\t\t\t\t\tMessage\t\t\t\t\t\t\t<\/label>\n\t\t\t\t\t\t<textarea class=\"elementor-field-textual elementor-field  elementor-size-sm\" name=\"form_fields[message]\" id=\"form-field-message\" rows=\"4\" placeholder=\"Message\"><\/textarea>\t\t\t\t<\/div>\n\t\t\t\t\t\t\t\t<div class=\"elementor-field-group elementor-column elementor-field-type-submit elementor-col-100 e-form__buttons\">\n\t\t\t\t\t<button class=\"elementor-button elementor-size-sm\" type=\"submit\">\n\t\t\t\t\t\t<span class=\"elementor-button-content-wrapper\">\n\t\t\t\t\t\t\t\t\t\t\t\t\t\t\t\t\t\t\t\t\t\t<span class=\"elementor-button-text\">Send<\/span>\n\t\t\t\t\t\t\t\t\t\t\t\t\t<\/span>\n\t\t\t\t\t<\/button>\n\t\t\t\t<\/div>\n\t\t\t<\/div>\n\t\t<\/form>\n\t\t\t\t\t\t<\/div>\n\t\t\t\t<\/div>\n\t\t\t\t<\/div>\n\t\t\t\t\t<\/div>\n\t\t\t\t<\/div>\n\t\t\t\t<\/div>\n\t\t","protected":false},"excerpt":{"rendered":"<p>Are you a property owner and considering offering your accommodation for short-term rental? Contact us for a free, no-obligation estimate. Are you a traveller and would like to book one of our accommodations for your stay in Mauritius? Contact us so that we can assist you with booking your stay. By email: contact@mauricea-conciergerie.com By phone:+230 [&hellip;]<\/p>\n","protected":false},"author":1,"featured_media":0,"parent":0,"menu_order":0,"comment_status":"closed","ping_status":"closed","template":"","meta":{"_acf_changed":false,"footnotes":""},"class_list":["post-1994","page","type-page","status-publish","hentry"],"acf":[],"yoast_head":"<!-- This site is optimized with the Yoast SEO plugin v27.4 - https:\/\/yoast.com\/product\/yoast-seo-wordpress\/ -->\n<title>Contact - Mauric\u00e9a - Conciergerie Courte Dur\u00e9e Ile Maurice<\/title>\n<meta name=\"robots\" content=\"index, follow, max-snippet:-1, max-image-preview:large, max-video-preview:-1\" \/>\n<link rel=\"canonical\" href=\"https:\/\/mauricea-conciergerie.com\/en\/contact\/\" \/>\n<meta property=\"og:locale\" content=\"en_US\" \/>\n<meta property=\"og:type\" content=\"article\" \/>\n<meta property=\"og:title\" content=\"Contact - Mauric\u00e9a - Conciergerie Courte Dur\u00e9e Ile Maurice\" \/>\n<meta property=\"og:description\" content=\"Are you a property owner and considering offering your accommodation for short-term rental? Contact us for a free, no-obligation estimate. Are you a traveller and would like to book one of our accommodations for your stay in Mauritius? Contact us so that we can assist you with booking your stay. By email: contact@mauricea-conciergerie.com By phone:+230 [&hellip;]\" \/>\n<meta property=\"og:url\" content=\"https:\/\/mauricea-conciergerie.com\/en\/contact\/\" \/>\n<meta property=\"og:site_name\" content=\"Mauric\u00e9a - Conciergerie Courte Dur\u00e9e Ile Maurice\" \/>\n<meta property=\"article:modified_time\" content=\"2026-05-06T12:41:09+00:00\" \/>\n<meta name=\"twitter:card\" content=\"summary_large_image\" \/>\n<script type=\"application\/ld+json\" class=\"yoast-schema-graph\">{\"@context\":\"https:\\\/\\\/schema.org\",\"@graph\":[{\"@type\":\"WebPage\",\"@id\":\"https:\\\/\\\/mauricea-conciergerie.com\\\/en\\\/contact\\\/\",\"url\":\"https:\\\/\\\/mauricea-conciergerie.com\\\/en\\\/contact\\\/\",\"name\":\"Contact - Mauric\u00e9a - Conciergerie Courte Dur\u00e9e Ile Maurice\",\"isPartOf\":{\"@id\":\"https:\\\/\\\/mauricea-conciergerie.com\\\/#website\"},\"datePublished\":\"2025-10-27T12:32:49+00:00\",\"dateModified\":\"2026-05-06T12:41:09+00:00\",\"breadcrumb\":{\"@id\":\"https:\\\/\\\/mauricea-conciergerie.com\\\/en\\\/contact\\\/#breadcrumb\"},\"inLanguage\":\"en-US\",\"potentialAction\":[{\"@type\":\"ReadAction\",\"target\":[\"https:\\\/\\\/mauricea-conciergerie.com\\\/en\\\/contact\\\/\"]}]},{\"@type\":\"BreadcrumbList\",\"@id\":\"https:\\\/\\\/mauricea-conciergerie.com\\\/en\\\/contact\\\/#breadcrumb\",\"itemListElement\":[{\"@type\":\"ListItem\",\"position\":1,\"name\":\"Home\",\"item\":\"https:\\\/\\\/mauricea-conciergerie.com\\\/en\\\/mauricea-conciergerie\\\/\"},{\"@type\":\"ListItem\",\"position\":2,\"name\":\"Contact\"}]},{\"@type\":\"WebSite\",\"@id\":\"https:\\\/\\\/mauricea-conciergerie.com\\\/#website\",\"url\":\"https:\\\/\\\/mauricea-conciergerie.com\\\/\",\"name\":\"Mauric\u00e9a - Conciergerie Courte Dur\u00e9e Ile Maurice\",\"description\":\"Gestion compl\u00e8te et personnalis\u00e9e de votre logement en location courte dur\u00e9e \u00e0 l\u2019\u00cele Maurice\",\"publisher\":{\"@id\":\"https:\\\/\\\/mauricea-conciergerie.com\\\/#organization\"},\"potentialAction\":[{\"@type\":\"SearchAction\",\"target\":{\"@type\":\"EntryPoint\",\"urlTemplate\":\"https:\\\/\\\/mauricea-conciergerie.com\\\/?s={search_term_string}\"},\"query-input\":{\"@type\":\"PropertyValueSpecification\",\"valueRequired\":true,\"valueName\":\"search_term_string\"}}],\"inLanguage\":\"en-US\"},{\"@type\":\"Organization\",\"@id\":\"https:\\\/\\\/mauricea-conciergerie.com\\\/#organization\",\"name\":\"Mauric\u00e9a - Conciergerie Courte Dur\u00e9e Ile Maurice\",\"url\":\"https:\\\/\\\/mauricea-conciergerie.com\\\/\",\"logo\":{\"@type\":\"ImageObject\",\"inLanguage\":\"en-US\",\"@id\":\"https:\\\/\\\/mauricea-conciergerie.com\\\/#\\\/schema\\\/logo\\\/image\\\/\",\"url\":\"https:\\\/\\\/mauricea-conciergerie.com\\\/wp-content\\\/uploads\\\/2025\\\/10\\\/Mauricea-Logo-Noir-scaled.png\",\"contentUrl\":\"https:\\\/\\\/mauricea-conciergerie.com\\\/wp-content\\\/uploads\\\/2025\\\/10\\\/Mauricea-Logo-Noir-scaled.png\",\"width\":2560,\"height\":961,\"caption\":\"Mauric\u00e9a - Conciergerie Courte Dur\u00e9e Ile Maurice\"},\"image\":{\"@id\":\"https:\\\/\\\/mauricea-conciergerie.com\\\/#\\\/schema\\\/logo\\\/image\\\/\"}}]}<\/script>\n<!-- \/ Yoast SEO plugin. -->","yoast_head_json":{"title":"Contact - Mauric\u00e9a - Conciergerie Courte Dur\u00e9e Ile Maurice","robots":{"index":"index","follow":"follow","max-snippet":"max-snippet:-1","max-image-preview":"max-image-preview:large","max-video-preview":"max-video-preview:-1"},"canonical":"https:\/\/mauricea-conciergerie.com\/en\/contact\/","og_locale":"en_US","og_type":"article","og_title":"Contact - Mauric\u00e9a - Conciergerie Courte Dur\u00e9e Ile Maurice","og_description":"Are you a property owner and considering offering your accommodation for short-term rental? Contact us for a free, no-obligation estimate. Are you a traveller and would like to book one of our accommodations for your stay in Mauritius? Contact us so that we can assist you with booking your stay. By email: contact@mauricea-conciergerie.com By phone:+230 [&hellip;]","og_url":"https:\/\/mauricea-conciergerie.com\/en\/contact\/","og_site_name":"Mauric\u00e9a - Conciergerie Courte Dur\u00e9e Ile Maurice","article_modified_time":"2026-05-06T12:41:09+00:00","twitter_card":"summary_large_image","schema":{"@context":"https:\/\/schema.org","@graph":[{"@type":"WebPage","@id":"https:\/\/mauricea-conciergerie.com\/en\/contact\/","url":"https:\/\/mauricea-conciergerie.com\/en\/contact\/","name":"Contact - Mauric\u00e9a - Conciergerie Courte Dur\u00e9e Ile Maurice","isPartOf":{"@id":"https:\/\/mauricea-conciergerie.com\/#website"},"datePublished":"2025-10-27T12:32:49+00:00","dateModified":"2026-05-06T12:41:09+00:00","breadcrumb":{"@id":"https:\/\/mauricea-conciergerie.com\/en\/contact\/#breadcrumb"},"inLanguage":"en-US","potentialAction":[{"@type":"ReadAction","target":["https:\/\/mauricea-conciergerie.com\/en\/contact\/"]}]},{"@type":"BreadcrumbList","@id":"https:\/\/mauricea-conciergerie.com\/en\/contact\/#breadcrumb","itemListElement":[{"@type":"ListItem","position":1,"name":"Home","item":"https:\/\/mauricea-conciergerie.com\/en\/mauricea-conciergerie\/"},{"@type":"ListItem","position":2,"name":"Contact"}]},{"@type":"WebSite","@id":"https:\/\/mauricea-conciergerie.com\/#website","url":"https:\/\/mauricea-conciergerie.com\/","name":"Mauric\u00e9a - Conciergerie Courte Dur\u00e9e Ile Maurice","description":"Gestion compl\u00e8te et personnalis\u00e9e de votre logement en location courte dur\u00e9e \u00e0 l\u2019\u00cele Maurice","publisher":{"@id":"https:\/\/mauricea-conciergerie.com\/#organization"},"potentialAction":[{"@type":"SearchAction","target":{"@type":"EntryPoint","urlTemplate":"https:\/\/mauricea-conciergerie.com\/?s={search_term_string}"},"query-input":{"@type":"PropertyValueSpecification","valueRequired":true,"valueName":"search_term_string"}}],"inLanguage":"en-US"},{"@type":"Organization","@id":"https:\/\/mauricea-conciergerie.com\/#organization","name":"Mauric\u00e9a - Conciergerie Courte Dur\u00e9e Ile Maurice","url":"https:\/\/mauricea-conciergerie.com\/","logo":{"@type":"ImageObject","inLanguage":"en-US","@id":"https:\/\/mauricea-conciergerie.com\/#\/schema\/logo\/image\/","url":"https:\/\/mauricea-conciergerie.com\/wp-content\/uploads\/2025\/10\/Mauricea-Logo-Noir-scaled.png","contentUrl":"https:\/\/mauricea-conciergerie.com\/wp-content\/uploads\/2025\/10\/Mauricea-Logo-Noir-scaled.png","width":2560,"height":961,"caption":"Mauric\u00e9a - Conciergerie Courte Dur\u00e9e Ile Maurice"},"image":{"@id":"https:\/\/mauricea-conciergerie.com\/#\/schema\/logo\/image\/"}}]}},"_hostinger_reach_plugin_has_subscription_block":false,"_hostinger_reach_plugin_is_elementor":false,"_links":{"self":[{"href":"https:\/\/mauricea-conciergerie.com\/en\/wp-json\/wp\/v2\/pages\/1994","targetHints":{"allow":["GET"]}}],"collection":[{"href":"https:\/\/mauricea-conciergerie.com\/en\/wp-json\/wp\/v2\/pages"}],"about":[{"href":"https:\/\/mauricea-conciergerie.com\/en\/wp-json\/wp\/v2\/types\/page"}],"author":[{"embeddable":true,"href":"https:\/\/mauricea-conciergerie.com\/en\/wp-json\/wp\/v2\/users\/1"}],"replies":[{"embeddable":true,"href":"https:\/\/mauricea-conciergerie.com\/en\/wp-json\/wp\/v2\/comments?post=1994"}],"version-history":[{"count":5,"href":"https:\/\/mauricea-conciergerie.com\/en\/wp-json\/wp\/v2\/pages\/1994\/revisions"}],"predecessor-version":[{"id":2592,"href":"https:\/\/mauricea-conciergerie.com\/en\/wp-json\/wp\/v2\/pages\/1994\/revisions\/2592"}],"wp:attachment":[{"href":"https:\/\/mauricea-conciergerie.com\/en\/wp-json\/wp\/v2\/media?parent=1994"}],"curies":[{"name":"wp","href":"https:\/\/api.w.org\/{rel}","templated":true}]}}