{"id":2026,"date":"2025-12-05T13:58:23","date_gmt":"2025-12-05T09:58:23","guid":{"rendered":"https:\/\/mauricea-conciergerie.com\/our-articles\/"},"modified":"2026-05-05T16:11:53","modified_gmt":"2026-05-05T12:11:53","slug":"our-articles","status":"publish","type":"page","link":"https:\/\/mauricea-conciergerie.com\/en\/our-articles\/","title":{"rendered":"Our Articles"},"content":{"rendered":"\t\t<div data-elementor-type=\"wp-page\" data-elementor-id=\"2026\" class=\"elementor elementor-2026 elementor-813\" data-elementor-post-type=\"page\">\n\t\t\t\t<div class=\"elementor-element elementor-element-856a27e e-flex e-con-boxed e-con e-parent\" data-id=\"856a27e\" data-element_type=\"container\" data-e-type=\"container\">\n\t\t\t\t\t<div class=\"e-con-inner\">\n\t\t\t\t<div class=\"elementor-element elementor-element-8aa1d32 elementor-widget elementor-widget-heading\" data-id=\"8aa1d32\" data-element_type=\"widget\" data-e-type=\"widget\" data-widget_type=\"heading.default\">\n\t\t\t\t\t<h1 class=\"elementor-heading-title elementor-size-default\">Latest Articles<\/h1>\t\t\t\t<\/div>\n\t\t\t\t\t<\/div>\n\t\t\t\t<\/div>\n\t\t<div class=\"elementor-element elementor-element-6c4d3a8 e-flex e-con-boxed e-con e-parent\" data-id=\"6c4d3a8\" data-element_type=\"container\" data-e-type=\"container\">\n\t\t\t\t\t<div class=\"e-con-inner\">\n\t\t\t\t<div class=\"elementor-element elementor-element-24e88bf elementor-grid-3 elementor-grid-tablet-2 elementor-grid-mobile-1 elementor-widget elementor-widget-loop-grid\" data-id=\"24e88bf\" data-element_type=\"widget\" data-e-type=\"widget\" data-settings=\"{&quot;template_id&quot;:751,&quot;pagination_type&quot;:&quot;numbers&quot;,&quot;columns&quot;:3,&quot;_skin&quot;:&quot;post&quot;,&quot;columns_tablet&quot;:&quot;2&quot;,&quot;columns_mobile&quot;:&quot;1&quot;,&quot;edit_handle_selector&quot;:&quot;[data-elementor-type=\\&quot;loop-item\\&quot;]&quot;,&quot;pagination_load_type&quot;:&quot;page_reload&quot;,&quot;row_gap&quot;:{&quot;unit&quot;:&quot;px&quot;,&quot;size&quot;:&quot;&quot;,&quot;sizes&quot;:[]},&quot;row_gap_tablet&quot;:{&quot;unit&quot;:&quot;px&quot;,&quot;size&quot;:&quot;&quot;,&quot;sizes&quot;:[]},&quot;row_gap_mobile&quot;:{&quot;unit&quot;:&quot;px&quot;,&quot;size&quot;:&quot;&quot;,&quot;sizes&quot;:[]}}\" data-widget_type=\"loop-grid.post\">\n\t\t\t\t<div class=\"elementor-widget-container\">\n\t\t\t\t\t\t\t<div class=\"elementor-loop-container elementor-grid\" role=\"list\">\n\t\t<style id=\"loop-dynamic-751\">.e-loop-item-2582 .elementor-element.elementor-element-398da39:not(.elementor-motion-effects-element-type-background), .e-loop-item-2582 .elementor-element.elementor-element-398da39 > .elementor-motion-effects-container > .elementor-motion-effects-layer{background-image:url(\"https:\/\/mauricea-conciergerie.com\/wp-content\/uploads\/2025\/10\/teodor-kuduschiev-wpKuEZZUK8-unsplash-scaled.jpg\");}<\/style><style id=\"loop-751\">.elementor-751 .elementor-element.elementor-element-02288fc{--display:flex;--flex-direction:column;--container-widget-width:100%;--container-widget-height:initial;--container-widget-flex-grow:0;--container-widget-align-self:initial;--flex-wrap-mobile:wrap;--border-radius:10px 10px 10px 10px;--padding-top:1em;--padding-bottom:1em;--padding-left:1em;--padding-right:1em;}.elementor-751 .elementor-element.elementor-element-02288fc:not(.elementor-motion-effects-element-type-background), .elementor-751 .elementor-element.elementor-element-02288fc > .elementor-motion-effects-container > .elementor-motion-effects-layer{background-color:var( --e-global-color-84c3b67 );}.elementor-751 .elementor-element.elementor-element-398da39{--display:flex;--min-height:280px;--border-radius:10px 10px 10px 10px;}.elementor-751 .elementor-element.elementor-element-398da39:not(.elementor-motion-effects-element-type-background), .elementor-751 .elementor-element.elementor-element-398da39 > .elementor-motion-effects-container > .elementor-motion-effects-layer{background-position:center center;background-size:cover;}.elementor-widget-heading .elementor-heading-title{font-family:var( --e-global-typography-primary-font-family ), Sans-serif;font-size:var( --e-global-typography-primary-font-size );font-weight:var( --e-global-typography-primary-font-weight );color:var( --e-global-color-primary );}.elementor-751 .elementor-element.elementor-element-56c9a92 .elementor-heading-title{font-family:\"Gilda Display\", Sans-serif;font-size:1.5em;font-weight:400;color:var( --e-global-color-secondary );}.elementor-widget-theme-post-excerpt{font-family:var( --e-global-typography-text-font-family ), Sans-serif;font-size:var( --e-global-typography-text-font-size );font-weight:var( --e-global-typography-text-font-weight );color:var( --e-global-color-text );}@media(max-width:1024px){.elementor-widget-heading .elementor-heading-title{font-size:var( --e-global-typography-primary-font-size );}.elementor-widget-theme-post-excerpt{font-size:var( --e-global-typography-text-font-size );}}@media(max-width:767px){.elementor-751 .elementor-element.elementor-element-02288fc{--width:100%;}.elementor-widget-heading .elementor-heading-title{font-size:var( --e-global-typography-primary-font-size );}.elementor-751 .elementor-element.elementor-element-56c9a92 .elementor-heading-title{font-size:1em;}.elementor-widget-theme-post-excerpt{font-size:var( --e-global-typography-text-font-size );}}<\/style>\t\t<div data-elementor-type=\"loop-item\" data-elementor-id=\"751\" class=\"elementor elementor-751 e-loop-item e-loop-item-2582 post-2582 post type-post status-publish format-standard has-post-thumbnail hentry category-non-categorise\" data-elementor-post-type=\"elementor_library\" data-custom-edit-handle=\"1\">\n\t\t\t<div class=\"elementor-element elementor-element-02288fc e-con-full e-flex e-con e-parent\" data-id=\"02288fc\" data-element_type=\"container\" data-e-type=\"container\" data-settings=\"{&quot;background_background&quot;:&quot;classic&quot;}\">\n\t\t<div class=\"elementor-element elementor-element-398da39 e-flex e-con-boxed e-con e-child\" data-id=\"398da39\" data-element_type=\"container\" data-e-type=\"container\" data-settings=\"{&quot;background_background&quot;:&quot;classic&quot;}\">\n\t\t\t\t\t<div class=\"e-con-inner\">\n\t\t\t\t\t<\/div>\n\t\t\t\t<\/div>\n\t\t\t\t<div class=\"elementor-element elementor-element-56c9a92 elementor-widget elementor-widget-heading\" data-id=\"56c9a92\" data-element_type=\"widget\" data-e-type=\"widget\" data-widget_type=\"heading.default\">\n\t\t\t\t\t<h2 class=\"elementor-heading-title elementor-size-default\"><a href=\"https:\/\/mauricea-conciergerie.com\/en\/the-10-most-beautiful-beaches-in-northern-mauritius\/\">The 10 Most Beautiful Beaches in Northern Mauritius<\/a><\/h2>\t\t\t\t<\/div>\n\t\t\t\t<div class=\"elementor-element elementor-element-9f726ba elementor-widget elementor-widget-theme-post-excerpt\" data-id=\"9f726ba\" data-element_type=\"widget\" data-e-type=\"widget\" data-widget_type=\"theme-post-excerpt.default\">\n\t\t\t\t\tNorthern Mauritius is home to an abundance of stunning beaches, each more magnificent than the last. From turquoise lagoons to wild coves and long stretches\t\t\t\t<\/div>\n\t\t\t\t<\/div>\n\t\t\t\t<\/div>\n\t\t<style id=\"loop-dynamic-751\">.e-loop-item-2584 .elementor-element.elementor-element-398da39:not(.elementor-motion-effects-element-type-background), .e-loop-item-2584 .elementor-element.elementor-element-398da39 > .elementor-motion-effects-container > .elementor-motion-effects-layer{background-image:url(\"https:\/\/mauricea-conciergerie.com\/wp-content\/uploads\/2025\/11\/DJI_0198-scaled.jpg\");}<\/style>\t\t<div data-elementor-type=\"loop-item\" data-elementor-id=\"751\" class=\"elementor elementor-751 e-loop-item e-loop-item-2584 post-2584 post type-post status-publish format-standard has-post-thumbnail hentry category-non-categorise\" data-elementor-post-type=\"elementor_library\" data-custom-edit-handle=\"1\">\n\t\t\t<div class=\"elementor-element elementor-element-02288fc e-con-full e-flex e-con e-parent\" data-id=\"02288fc\" data-element_type=\"container\" data-e-type=\"container\" data-settings=\"{&quot;background_background&quot;:&quot;classic&quot;}\">\n\t\t<div class=\"elementor-element elementor-element-398da39 e-flex e-con-boxed e-con e-child\" data-id=\"398da39\" data-element_type=\"container\" data-e-type=\"container\" data-settings=\"{&quot;background_background&quot;:&quot;classic&quot;}\">\n\t\t\t\t\t<div class=\"e-con-inner\">\n\t\t\t\t\t<\/div>\n\t\t\t\t<\/div>\n\t\t\t\t<div class=\"elementor-element elementor-element-56c9a92 elementor-widget elementor-widget-heading\" data-id=\"56c9a92\" data-element_type=\"widget\" data-e-type=\"widget\" data-widget_type=\"heading.default\">\n\t\t\t\t\t<h2 class=\"elementor-heading-title elementor-size-default\"><a href=\"https:\/\/mauricea-conciergerie.com\/en\/quelle-est-la-meilleure-periode-pour-visiter-le-nord-de-lile-maurice\/\">Quelle est la meilleure p\u00e9riode pour visiter le nord de l\u2019\u00eele Maurice ?<\/a><\/h2>\t\t\t\t<\/div>\n\t\t\t\t<div class=\"elementor-element elementor-element-9f726ba elementor-widget elementor-widget-theme-post-excerpt\" data-id=\"9f726ba\" data-element_type=\"widget\" data-e-type=\"widget\" data-widget_type=\"theme-post-excerpt.default\">\n\t\t\t\t\t<p>Traveling to Northern Mauritius means enjoying a pleasant tropical climate year-round, idyllic beaches, and a calm lagoon perfect for swimming. However, depending on the period,\t\t\t\t<\/div>\n\t\t\t\t<\/div>\n\t\t\t\t<\/div>\n\t\t<style id=\"loop-dynamic-751\">.e-loop-item-2586 .elementor-element.elementor-element-398da39:not(.elementor-motion-effects-element-type-background), .e-loop-item-2586 .elementor-element.elementor-element-398da39 > .elementor-motion-effects-container > .elementor-motion-effects-layer{background-image:url(\"https:\/\/mauricea-conciergerie.com\/wp-content\/uploads\/2025\/12\/Copie-de-6G8A9777-scaled.jpg\");}<\/style>\t\t<div data-elementor-type=\"loop-item\" data-elementor-id=\"751\" class=\"elementor elementor-751 e-loop-item e-loop-item-2586 post-2586 post type-post status-publish format-standard has-post-thumbnail hentry category-non-categorise\" data-elementor-post-type=\"elementor_library\" data-custom-edit-handle=\"1\">\n\t\t\t<div class=\"elementor-element elementor-element-02288fc e-con-full e-flex e-con e-parent\" data-id=\"02288fc\" data-element_type=\"container\" data-e-type=\"container\" data-settings=\"{&quot;background_background&quot;:&quot;classic&quot;}\">\n\t\t<div class=\"elementor-element elementor-element-398da39 e-flex e-con-boxed e-con e-child\" data-id=\"398da39\" data-element_type=\"container\" data-e-type=\"container\" data-settings=\"{&quot;background_background&quot;:&quot;classic&quot;}\">\n\t\t\t\t\t<div class=\"e-con-inner\">\n\t\t\t\t\t<\/div>\n\t\t\t\t<\/div>\n\t\t\t\t<div class=\"elementor-element elementor-element-56c9a92 elementor-widget elementor-widget-heading\" data-id=\"56c9a92\" data-element_type=\"widget\" data-e-type=\"widget\" data-widget_type=\"heading.default\">\n\t\t\t\t\t<h2 class=\"elementor-heading-title elementor-size-default\"><a href=\"https:\/\/mauricea-conciergerie.com\/en\/where-to-stay-in-the-north-of-mauritius-the-best-locations\/\">Where to stay in the north of Mauritius: the best locations<\/a><\/h2>\t\t\t\t<\/div>\n\t\t\t\t<div class=\"elementor-element elementor-element-9f726ba elementor-widget elementor-widget-theme-post-excerpt\" data-id=\"9f726ba\" data-element_type=\"widget\" data-e-type=\"widget\" data-widget_type=\"theme-post-excerpt.default\">\n\t\t\t\t\tThe north of Mauritius attracts many expatriates, travelers, and families every year in search of a pleasant living environment. Known for its sunny climate, heavenly\t\t\t\t<\/div>\n\t\t\t\t<\/div>\n\t\t\t\t<\/div>\n\t\t\t\t<\/div>\n\t\t\n\t\t\t\t\t\t<\/div>\n\t\t\t\t<\/div>\n\t\t\t\t\t<\/div>\n\t\t\t\t<\/div>\n\t\t\t\t<\/div>\n\t\t","protected":false},"excerpt":{"rendered":"<p>Latest Articles<\/p>\n","protected":false},"author":1,"featured_media":0,"parent":0,"menu_order":0,"comment_status":"closed","ping_status":"closed","template":"","meta":{"_acf_changed":false,"footnotes":""},"class_list":["post-2026","page","type-page","status-publish","hentry"],"acf":[],"yoast_head":"<!-- This site is optimized with the Yoast SEO plugin v27.4 - https:\/\/yoast.com\/product\/yoast-seo-wordpress\/ -->\n<title>Our Articles - Mauric\u00e9a - Conciergerie Courte Dur\u00e9e Ile Maurice<\/title>\n<meta name=\"robots\" content=\"index, follow, max-snippet:-1, max-image-preview:large, max-video-preview:-1\" \/>\n<link rel=\"canonical\" href=\"https:\/\/mauricea-conciergerie.com\/en\/our-articles\/\" \/>\n<meta property=\"og:locale\" content=\"en_US\" \/>\n<meta property=\"og:type\" content=\"article\" \/>\n<meta property=\"og:title\" content=\"Our Articles - Mauric\u00e9a - Conciergerie Courte Dur\u00e9e Ile Maurice\" \/>\n<meta property=\"og:description\" content=\"Latest Articles\" \/>\n<meta property=\"og:url\" content=\"https:\/\/mauricea-conciergerie.com\/en\/our-articles\/\" \/>\n<meta property=\"og:site_name\" content=\"Mauric\u00e9a - Conciergerie Courte Dur\u00e9e Ile Maurice\" \/>\n<meta property=\"article:modified_time\" content=\"2026-05-05T12:11:53+00:00\" \/>\n<meta name=\"twitter:card\" content=\"summary_large_image\" \/>\n<script type=\"application\/ld+json\" class=\"yoast-schema-graph\">{\"@context\":\"https:\\\/\\\/schema.org\",\"@graph\":[{\"@type\":\"WebPage\",\"@id\":\"https:\\\/\\\/mauricea-conciergerie.com\\\/en\\\/our-articles\\\/\",\"url\":\"https:\\\/\\\/mauricea-conciergerie.com\\\/en\\\/our-articles\\\/\",\"name\":\"Our Articles - Mauric\u00e9a - Conciergerie Courte Dur\u00e9e Ile Maurice\",\"isPartOf\":{\"@id\":\"https:\\\/\\\/mauricea-conciergerie.com\\\/#website\"},\"datePublished\":\"2025-12-05T09:58:23+00:00\",\"dateModified\":\"2026-05-05T12:11:53+00:00\",\"breadcrumb\":{\"@id\":\"https:\\\/\\\/mauricea-conciergerie.com\\\/en\\\/our-articles\\\/#breadcrumb\"},\"inLanguage\":\"en-US\",\"potentialAction\":[{\"@type\":\"ReadAction\",\"target\":[\"https:\\\/\\\/mauricea-conciergerie.com\\\/en\\\/our-articles\\\/\"]}]},{\"@type\":\"BreadcrumbList\",\"@id\":\"https:\\\/\\\/mauricea-conciergerie.com\\\/en\\\/our-articles\\\/#breadcrumb\",\"itemListElement\":[{\"@type\":\"ListItem\",\"position\":1,\"name\":\"Home\",\"item\":\"https:\\\/\\\/mauricea-conciergerie.com\\\/en\\\/mauricea-conciergerie\\\/\"},{\"@type\":\"ListItem\",\"position\":2,\"name\":\"Our Articles\"}]},{\"@type\":\"WebSite\",\"@id\":\"https:\\\/\\\/mauricea-conciergerie.com\\\/#website\",\"url\":\"https:\\\/\\\/mauricea-conciergerie.com\\\/\",\"name\":\"Mauric\u00e9a - Conciergerie Courte Dur\u00e9e Ile Maurice\",\"description\":\"Gestion compl\u00e8te et personnalis\u00e9e de votre logement en location courte dur\u00e9e \u00e0 l\u2019\u00cele Maurice\",\"publisher\":{\"@id\":\"https:\\\/\\\/mauricea-conciergerie.com\\\/#organization\"},\"potentialAction\":[{\"@type\":\"SearchAction\",\"target\":{\"@type\":\"EntryPoint\",\"urlTemplate\":\"https:\\\/\\\/mauricea-conciergerie.com\\\/?s={search_term_string}\"},\"query-input\":{\"@type\":\"PropertyValueSpecification\",\"valueRequired\":true,\"valueName\":\"search_term_string\"}}],\"inLanguage\":\"en-US\"},{\"@type\":\"Organization\",\"@id\":\"https:\\\/\\\/mauricea-conciergerie.com\\\/#organization\",\"name\":\"Mauric\u00e9a - Conciergerie Courte Dur\u00e9e Ile Maurice\",\"url\":\"https:\\\/\\\/mauricea-conciergerie.com\\\/\",\"logo\":{\"@type\":\"ImageObject\",\"inLanguage\":\"en-US\",\"@id\":\"https:\\\/\\\/mauricea-conciergerie.com\\\/#\\\/schema\\\/logo\\\/image\\\/\",\"url\":\"https:\\\/\\\/mauricea-conciergerie.com\\\/wp-content\\\/uploads\\\/2025\\\/10\\\/Mauricea-Logo-Noir-scaled.png\",\"contentUrl\":\"https:\\\/\\\/mauricea-conciergerie.com\\\/wp-content\\\/uploads\\\/2025\\\/10\\\/Mauricea-Logo-Noir-scaled.png\",\"width\":2560,\"height\":961,\"caption\":\"Mauric\u00e9a - Conciergerie Courte Dur\u00e9e Ile Maurice\"},\"image\":{\"@id\":\"https:\\\/\\\/mauricea-conciergerie.com\\\/#\\\/schema\\\/logo\\\/image\\\/\"}}]}<\/script>\n<!-- \/ Yoast SEO plugin. -->","yoast_head_json":{"title":"Our Articles - Mauric\u00e9a - Conciergerie Courte Dur\u00e9e Ile Maurice","robots":{"index":"index","follow":"follow","max-snippet":"max-snippet:-1","max-image-preview":"max-image-preview:large","max-video-preview":"max-video-preview:-1"},"canonical":"https:\/\/mauricea-conciergerie.com\/en\/our-articles\/","og_locale":"en_US","og_type":"article","og_title":"Our Articles - Mauric\u00e9a - Conciergerie Courte Dur\u00e9e Ile Maurice","og_description":"Latest Articles","og_url":"https:\/\/mauricea-conciergerie.com\/en\/our-articles\/","og_site_name":"Mauric\u00e9a - Conciergerie Courte Dur\u00e9e Ile Maurice","article_modified_time":"2026-05-05T12:11:53+00:00","twitter_card":"summary_large_image","schema":{"@context":"https:\/\/schema.org","@graph":[{"@type":"WebPage","@id":"https:\/\/mauricea-conciergerie.com\/en\/our-articles\/","url":"https:\/\/mauricea-conciergerie.com\/en\/our-articles\/","name":"Our Articles - Mauric\u00e9a - Conciergerie Courte Dur\u00e9e Ile Maurice","isPartOf":{"@id":"https:\/\/mauricea-conciergerie.com\/#website"},"datePublished":"2025-12-05T09:58:23+00:00","dateModified":"2026-05-05T12:11:53+00:00","breadcrumb":{"@id":"https:\/\/mauricea-conciergerie.com\/en\/our-articles\/#breadcrumb"},"inLanguage":"en-US","potentialAction":[{"@type":"ReadAction","target":["https:\/\/mauricea-conciergerie.com\/en\/our-articles\/"]}]},{"@type":"BreadcrumbList","@id":"https:\/\/mauricea-conciergerie.com\/en\/our-articles\/#breadcrumb","itemListElement":[{"@type":"ListItem","position":1,"name":"Home","item":"https:\/\/mauricea-conciergerie.com\/en\/mauricea-conciergerie\/"},{"@type":"ListItem","position":2,"name":"Our Articles"}]},{"@type":"WebSite","@id":"https:\/\/mauricea-conciergerie.com\/#website","url":"https:\/\/mauricea-conciergerie.com\/","name":"Mauric\u00e9a - Conciergerie Courte Dur\u00e9e Ile Maurice","description":"Gestion compl\u00e8te et personnalis\u00e9e de votre logement en location courte dur\u00e9e \u00e0 l\u2019\u00cele Maurice","publisher":{"@id":"https:\/\/mauricea-conciergerie.com\/#organization"},"potentialAction":[{"@type":"SearchAction","target":{"@type":"EntryPoint","urlTemplate":"https:\/\/mauricea-conciergerie.com\/?s={search_term_string}"},"query-input":{"@type":"PropertyValueSpecification","valueRequired":true,"valueName":"search_term_string"}}],"inLanguage":"en-US"},{"@type":"Organization","@id":"https:\/\/mauricea-conciergerie.com\/#organization","name":"Mauric\u00e9a - Conciergerie Courte Dur\u00e9e Ile Maurice","url":"https:\/\/mauricea-conciergerie.com\/","logo":{"@type":"ImageObject","inLanguage":"en-US","@id":"https:\/\/mauricea-conciergerie.com\/#\/schema\/logo\/image\/","url":"https:\/\/mauricea-conciergerie.com\/wp-content\/uploads\/2025\/10\/Mauricea-Logo-Noir-scaled.png","contentUrl":"https:\/\/mauricea-conciergerie.com\/wp-content\/uploads\/2025\/10\/Mauricea-Logo-Noir-scaled.png","width":2560,"height":961,"caption":"Mauric\u00e9a - Conciergerie Courte Dur\u00e9e Ile Maurice"},"image":{"@id":"https:\/\/mauricea-conciergerie.com\/#\/schema\/logo\/image\/"}}]}},"_hostinger_reach_plugin_has_subscription_block":false,"_hostinger_reach_plugin_is_elementor":false,"_links":{"self":[{"href":"https:\/\/mauricea-conciergerie.com\/en\/wp-json\/wp\/v2\/pages\/2026","targetHints":{"allow":["GET"]}}],"collection":[{"href":"https:\/\/mauricea-conciergerie.com\/en\/wp-json\/wp\/v2\/pages"}],"about":[{"href":"https:\/\/mauricea-conciergerie.com\/en\/wp-json\/wp\/v2\/types\/page"}],"author":[{"embeddable":true,"href":"https:\/\/mauricea-conciergerie.com\/en\/wp-json\/wp\/v2\/users\/1"}],"replies":[{"embeddable":true,"href":"https:\/\/mauricea-conciergerie.com\/en\/wp-json\/wp\/v2\/comments?post=2026"}],"version-history":[{"count":1,"href":"https:\/\/mauricea-conciergerie.com\/en\/wp-json\/wp\/v2\/pages\/2026\/revisions"}],"predecessor-version":[{"id":2027,"href":"https:\/\/mauricea-conciergerie.com\/en\/wp-json\/wp\/v2\/pages\/2026\/revisions\/2027"}],"wp:attachment":[{"href":"https:\/\/mauricea-conciergerie.com\/en\/wp-json\/wp\/v2\/media?parent=2026"}],"curies":[{"name":"wp","href":"https:\/\/api.w.org\/{rel}","templated":true}]}}